{"id":18,"date":"2025-11-03T15:09:07","date_gmt":"2025-11-03T15:09:07","guid":{"rendered":"https:\/\/albert-haas-negociant.fr\/?page_id=18"},"modified":"2025-11-08T09:32:12","modified_gmt":"2025-11-08T09:32:12","slug":"accueil","status":"publish","type":"page","link":"https:\/\/albert-haas-negociant.fr\/","title":{"rendered":"Accueil"},"content":{"rendered":"\t\t<div data-elementor-type=\"wp-page\" data-elementor-id=\"18\" class=\"elementor elementor-18\">\n\t\t\t\t<div class=\"elementor-element elementor-element-9c6f66e e-flex e-con-boxed e-con e-parent\" data-id=\"9c6f66e\" data-element_type=\"container\">\n\t\t\t\t\t<div class=\"e-con-inner\">\n\t\t\t\t<div class=\"elementor-element elementor-element-bb6ccb0 elementor-widget elementor-widget-text-editor\" data-id=\"bb6ccb0\" data-element_type=\"widget\" data-widget_type=\"text-editor.default\">\n\t\t\t\t\t\t\t\t\t<p data-start=\"116\" data-end=\"342\">Depuis 1986, <strong data-start=\"129\" data-end=\"154\">Albert Haas N\u00e9gociant<\/strong> est une <strong data-start=\"163\" data-end=\"187\">entreprise familiale<\/strong> sp\u00e9cialis\u00e9e dans le <strong data-start=\"208\" data-end=\"244\">rachat de mat\u00e9riel professionnel<\/strong>. Nous achetons : <strong data-start=\"264\" data-end=\"339\">mini-pelles, tracteurs agricoles, camions, utilitaires 3,5t, pickups<\/strong>&#8230;<\/p><p data-start=\"116\" data-end=\"342\">Avec pr\u00e8s de 40 ans d\u2019exp\u00e9rience, nous mettons notre s\u00e9rieux et notre savoir-faire au service de vos besoins en mat\u00e9riel.<\/p>\t\t\t\t\t\t\t\t<\/div>\n\t\t\t\t\t<\/div>\n\t\t\t\t<\/div>\n\t\t<div class=\"elementor-element elementor-element-01882ad e-flex e-con-boxed e-con e-parent\" data-id=\"01882ad\" data-element_type=\"container\">\n\t\t\t\t\t<div class=\"e-con-inner\">\n\t\t\t\t<div class=\"elementor-element elementor-element-b4bf85e elementor-widget elementor-widget-heading\" data-id=\"b4bf85e\" data-element_type=\"widget\" data-widget_type=\"heading.default\">\n\t\t\t\t\t<h2 class=\"elementor-heading-title elementor-size-default\">ACHAT DE V\u00e9hicule<\/h2>\t\t\t\t<\/div>\n\t\t\t\t\t<\/div>\n\t\t\t\t<\/div>\n\t\t<div class=\"elementor-element elementor-element-6351f93 e-flex e-con-boxed e-con e-parent\" data-id=\"6351f93\" data-element_type=\"container\">\n\t\t\t\t\t<div class=\"e-con-inner\">\n\t\t\t\t<div class=\"elementor-element elementor-element-197be5c elementor-widget elementor-widget-heading\" data-id=\"197be5c\" data-element_type=\"widget\" data-widget_type=\"heading.default\">\n\t\t\t\t\t<h2 class=\"elementor-heading-title elementor-size-default\">Contact : 06.87.52.35.01<\/h2>\t\t\t\t<\/div>\n\t\t\t\t\t<\/div>\n\t\t\t\t<\/div>\n\t\t<div class=\"elementor-element elementor-element-f713193 e-flex e-con-boxed e-con e-parent\" data-id=\"f713193\" data-element_type=\"container\">\n\t\t\t\t\t<div class=\"e-con-inner\">\n\t\t\t\t<div class=\"elementor-element elementor-element-5e5aaf1 elementor-widget elementor-widget-image\" data-id=\"5e5aaf1\" data-element_type=\"widget\" data-widget_type=\"image.default\">\n\t\t\t\t\t\t\t\t\t\t\t\t\t\t\t<img fetchpriority=\"high\" decoding=\"async\" width=\"888\" height=\"715\" src=\"https:\/\/albert-haas-negociant.fr\/wp-content\/uploads\/2025\/11\/image_sprinter_benne3.jpg\" class=\"attachment-2048x2048 size-2048x2048 wp-image-40\" alt=\"\" srcset=\"https:\/\/albert-haas-negociant.fr\/wp-content\/uploads\/2025\/11\/image_sprinter_benne3.jpg 888w, https:\/\/albert-haas-negociant.fr\/wp-content\/uploads\/2025\/11\/image_sprinter_benne3-300x242.jpg 300w, https:\/\/albert-haas-negociant.fr\/wp-content\/uploads\/2025\/11\/image_sprinter_benne3-768x618.jpg 768w\" sizes=\"(max-width: 888px) 100vw, 888px\" \/>\t\t\t\t\t\t\t\t\t\t\t\t\t\t\t<\/div>\n\t\t\t\t\t<\/div>\n\t\t\t\t<\/div>\n\t\t<div class=\"elementor-element elementor-element-63651dd e-flex e-con-boxed e-con e-parent\" data-id=\"63651dd\" data-element_type=\"container\">\n\t\t\t\t\t<div class=\"e-con-inner\">\n\t\t\t\t<div class=\"elementor-element elementor-element-f678b3c elementor-arrows-position-inside elementor-pagination-position-outside elementor-widget elementor-widget-image-carousel\" data-id=\"f678b3c\" data-element_type=\"widget\" data-settings=\"{&quot;navigation&quot;:&quot;both&quot;,&quot;autoplay&quot;:&quot;yes&quot;,&quot;pause_on_hover&quot;:&quot;yes&quot;,&quot;pause_on_interaction&quot;:&quot;yes&quot;,&quot;autoplay_speed&quot;:5000,&quot;infinite&quot;:&quot;yes&quot;,&quot;speed&quot;:500}\" data-widget_type=\"image-carousel.default\">\n\t\t\t\t\t\t\t<div class=\"elementor-image-carousel-wrapper swiper\" role=\"region\" aria-roledescription=\"carousel\" aria-label=\"Image Carousel\" dir=\"ltr\">\n\t\t\t<div class=\"elementor-image-carousel swiper-wrapper\" aria-live=\"off\">\n\t\t\t\t\t\t\t\t<div class=\"swiper-slide\" role=\"group\" aria-roledescription=\"slide\" aria-label=\"1 of 6\"><figure class=\"swiper-slide-inner\"><img decoding=\"async\" class=\"swiper-slide-image\" src=\"https:\/\/albert-haas-negociant.fr\/wp-content\/uploads\/2025\/11\/gallery1-300x206.jpg\" alt=\"Berlines\" \/><figcaption class=\"elementor-image-carousel-caption\">Berlines<\/figcaption><\/figure><\/div><div class=\"swiper-slide\" role=\"group\" aria-roledescription=\"slide\" aria-label=\"2 of 6\"><figure class=\"swiper-slide-inner\"><img decoding=\"async\" class=\"swiper-slide-image\" src=\"https:\/\/albert-haas-negociant.fr\/wp-content\/uploads\/2025\/11\/gallery4-300x206.jpg\" alt=\"Utilitaires\" \/><figcaption class=\"elementor-image-carousel-caption\">Utilitaires<\/figcaption><\/figure><\/div><div class=\"swiper-slide\" role=\"group\" aria-roledescription=\"slide\" aria-label=\"3 of 6\"><figure class=\"swiper-slide-inner\"><img decoding=\"async\" class=\"swiper-slide-image\" src=\"https:\/\/albert-haas-negociant.fr\/wp-content\/uploads\/2025\/11\/gallery3-300x206.jpg\" alt=\"Mini pelle m\u00e9canique\" \/><figcaption class=\"elementor-image-carousel-caption\">Mini pelle m\u00e9canique<\/figcaption><\/figure><\/div><div class=\"swiper-slide\" role=\"group\" aria-roledescription=\"slide\" aria-label=\"4 of 6\"><figure class=\"swiper-slide-inner\"><img decoding=\"async\" class=\"swiper-slide-image\" src=\"https:\/\/albert-haas-negociant.fr\/wp-content\/uploads\/2025\/11\/gallery2-300x206.jpg\" alt=\"Pick_up\" \/><figcaption class=\"elementor-image-carousel-caption\">Pick_up<\/figcaption><\/figure><\/div><div class=\"swiper-slide\" role=\"group\" aria-roledescription=\"slide\" aria-label=\"5 of 6\"><figure class=\"swiper-slide-inner\"><img decoding=\"async\" class=\"swiper-slide-image\" src=\"https:\/\/albert-haas-negociant.fr\/wp-content\/uploads\/2025\/11\/gallery6-300x206.jpg\" alt=\"Tracteur agricole\" \/><figcaption class=\"elementor-image-carousel-caption\">Tracteur agricole<\/figcaption><\/figure><\/div><div class=\"swiper-slide\" role=\"group\" aria-roledescription=\"slide\" aria-label=\"6 of 6\"><figure class=\"swiper-slide-inner\"><img decoding=\"async\" class=\"swiper-slide-image\" src=\"https:\/\/albert-haas-negociant.fr\/wp-content\/uploads\/2025\/11\/gallery7-300x206.jpg\" alt=\"Utilitaire 3.5T\" \/><figcaption class=\"elementor-image-carousel-caption\">Utilitaire 3.5T<\/figcaption><\/figure><\/div>\t\t\t<\/div>\n\t\t\t\t\t\t\t\t\t\t\t\t<div class=\"elementor-swiper-button elementor-swiper-button-prev\" role=\"button\" tabindex=\"0\">\n\t\t\t\t\t\t<svg aria-hidden=\"true\" class=\"e-font-icon-svg e-eicon-chevron-left\" viewBox=\"0 0 1000 1000\" xmlns=\"http:\/\/www.w3.org\/2000\/svg\"><path d=\"M646 125C629 125 613 133 604 142L308 442C296 454 292 471 292 487 292 504 296 521 308 533L604 854C617 867 629 875 646 875 663 875 679 871 692 858 704 846 713 829 713 812 713 796 708 779 692 767L438 487 692 225C700 217 708 204 708 187 708 171 704 154 692 142 675 129 663 125 646 125Z\"><\/path><\/svg>\t\t\t\t\t<\/div>\n\t\t\t\t\t<div class=\"elementor-swiper-button elementor-swiper-button-next\" role=\"button\" tabindex=\"0\">\n\t\t\t\t\t\t<svg aria-hidden=\"true\" class=\"e-font-icon-svg e-eicon-chevron-right\" viewBox=\"0 0 1000 1000\" xmlns=\"http:\/\/www.w3.org\/2000\/svg\"><path d=\"M696 533C708 521 713 504 713 487 713 471 708 454 696 446L400 146C388 133 375 125 354 125 338 125 325 129 313 142 300 154 292 171 292 187 292 204 296 221 308 233L563 492 304 771C292 783 288 800 288 817 288 833 296 850 308 863 321 871 338 875 354 875 371 875 388 867 400 854L696 533Z\"><\/path><\/svg>\t\t\t\t\t<\/div>\n\t\t\t\t\n\t\t\t\t\t\t\t\t\t<div class=\"swiper-pagination\"><\/div>\n\t\t\t\t\t\t\t\t\t<\/div>\n\t\t\t\t\t\t<\/div>\n\t\t\t\t\t<\/div>\n\t\t\t\t<\/div>\n\t\t<div class=\"elementor-element elementor-element-4a76edf e-flex e-con-boxed e-con e-parent\" data-id=\"4a76edf\" data-element_type=\"container\">\n\t\t\t\t\t<div class=\"e-con-inner\">\n\t\t\t\t<div class=\"elementor-element elementor-element-365be68 elementor-widget elementor-widget-text-editor\" data-id=\"365be68\" data-element_type=\"widget\" data-widget_type=\"text-editor.default\">\n\t\t\t\t\t\t\t\t\t<p data-start=\"344\" data-end=\"372\">Nous proposons \u00e9galement :<\/p><ul data-start=\"373\" data-end=\"581\"><li data-start=\"422\" data-end=\"480\"><p data-start=\"424\" data-end=\"480\">Une <strong data-start=\"428\" data-end=\"458\">d\u00e9charge de responsabilit\u00e9<\/strong> lors de la reprise,<\/p><\/li><li data-start=\"535\" data-end=\"581\"><p data-start=\"537\" data-end=\"581\">Des <strong data-start=\"541\" data-end=\"578\">offres adapt\u00e9es aux collectivit\u00e9s<\/strong>.<\/p><\/li><\/ul>\t\t\t\t\t\t\t\t<\/div>\n\t\t\t\t\t<\/div>\n\t\t\t\t<\/div>\n\t\t<div class=\"elementor-element elementor-element-3c60064 e-flex e-con-boxed e-con e-parent\" data-id=\"3c60064\" data-element_type=\"container\">\n\t\t\t\t\t<div class=\"e-con-inner\">\n\t\t\t\t<div class=\"elementor-element elementor-element-1add495 elementor-widget elementor-widget-heading\" data-id=\"1add495\" data-element_type=\"widget\" data-widget_type=\"heading.default\">\n\t\t\t\t\t<h2 class=\"elementor-heading-title elementor-size-default\">Contact : 06.87.52.35.01<\/h2>\t\t\t\t<\/div>\n\t\t\t\t\t<\/div>\n\t\t\t\t<\/div>\n\t\t<div class=\"elementor-element elementor-element-8664b85 e-flex e-con-boxed e-con e-parent\" data-id=\"8664b85\" data-element_type=\"container\">\n\t\t\t\t\t<div class=\"e-con-inner\">\n\t\t\t\t<div class=\"elementor-element elementor-element-7d07609 elementor-widget elementor-widget-text-editor\" data-id=\"7d07609\" data-element_type=\"widget\" data-widget_type=\"text-editor.default\">\n\t\t\t\t\t\t\t\t\t<p>APC Monsieur Albert Haas . RCS 33776732100090 . Code ape 4520A<\/p>\t\t\t\t\t\t\t\t<\/div>\n\t\t\t\t\t<\/div>\n\t\t\t\t<\/div>\n\t\t\t\t<\/div>\n\t\t","protected":false},"excerpt":{"rendered":"<p>Depuis 1986, Albert Haas N\u00e9gociant est une entreprise familiale sp\u00e9cialis\u00e9e dans le rachat de mat\u00e9riel professionnel. Nous achetons : mini-pelles, tracteurs agricoles, camions, utilitaires 3,5t, pickups&#8230; Avec pr\u00e8s de 40 ans d\u2019exp\u00e9rience, nous mettons notre s\u00e9rieux et notre savoir-faire au service de vos besoins en mat\u00e9riel. ACHAT DE V\u00e9hicule Contact : 06.87.52.35.01 Berlines Utilitaires Mini [&hellip;]<\/p>\n","protected":false},"author":1,"featured_media":0,"parent":0,"menu_order":0,"comment_status":"closed","ping_status":"closed","template":"","meta":{"footnotes":""},"class_list":["post-18","page","type-page","status-publish","hentry"],"_links":{"self":[{"href":"https:\/\/albert-haas-negociant.fr\/index.php\/wp-json\/wp\/v2\/pages\/18","targetHints":{"allow":["GET"]}}],"collection":[{"href":"https:\/\/albert-haas-negociant.fr\/index.php\/wp-json\/wp\/v2\/pages"}],"about":[{"href":"https:\/\/albert-haas-negociant.fr\/index.php\/wp-json\/wp\/v2\/types\/page"}],"author":[{"embeddable":true,"href":"https:\/\/albert-haas-negociant.fr\/index.php\/wp-json\/wp\/v2\/users\/1"}],"replies":[{"embeddable":true,"href":"https:\/\/albert-haas-negociant.fr\/index.php\/wp-json\/wp\/v2\/comments?post=18"}],"version-history":[{"count":43,"href":"https:\/\/albert-haas-negociant.fr\/index.php\/wp-json\/wp\/v2\/pages\/18\/revisions"}],"predecessor-version":[{"id":93,"href":"https:\/\/albert-haas-negociant.fr\/index.php\/wp-json\/wp\/v2\/pages\/18\/revisions\/93"}],"wp:attachment":[{"href":"https:\/\/albert-haas-negociant.fr\/index.php\/wp-json\/wp\/v2\/media?parent=18"}],"curies":[{"name":"wp","href":"https:\/\/api.w.org\/{rel}","templated":true}]}}